{"id":390,"date":"2023-05-09T12:46:57","date_gmt":"2023-05-09T12:46:57","guid":{"rendered":"https:\/\/www.addig.hu\/?page_id=390"},"modified":"2024-04-24T16:10:55","modified_gmt":"2024-04-24T16:10:55","slug":"graphic-designer","status":"publish","type":"page","link":"https:\/\/www.addig.hu\/hu\/karrier\/graphic-designer\/","title":{"rendered":"Graphic Designer"},"content":{"rendered":"<h3>T\u00e9ged keres\u00fcnk, ha<\/h3>\n<ul>\n<li style=\"font-weight: 400;\" aria-level=\"1\"><span style=\"font-weight: 400;\">van relev\u00e1ns tapasztalatod grafikus munkak\u00f6rben<\/span><\/li>\n<li style=\"font-weight: 400;\" aria-level=\"1\"><span style=\"font-weight: 400;\">dolgozt\u00e1l m\u00e1r online hirdet\u0151k kamp\u00e1nyain<\/span><\/li>\n<li style=\"font-weight: 400;\" aria-level=\"1\"><span style=\"font-weight: 400;\">j\u00e1rtas vagy a grafikai szoftverek kezel\u00e9s\u00e9ben<\/span><\/li>\n<li style=\"font-weight: 400;\" aria-level=\"1\"><span style=\"font-weight: 400;\">pontosan, prec\u00edzen v\u00e9gzed a munk\u00e1dat\u00a0<\/span><\/li>\n<li style=\"font-weight: 400;\" aria-level=\"1\"><span style=\"font-weight: 400;\">proakt\u00edv vagy<\/span><\/li>\n<\/ul>\n<h3>El\u0151ny, ha&#8230;<\/h3>\n<ul>\n<li style=\"font-weight: 400;\" aria-level=\"1\"><span style=\"font-weight: 400;\">van HTML, CSS, JS ter\u00e9n tapasztalatod\u00a0<\/span><\/li>\n<li style=\"font-weight: 400;\" aria-level=\"1\"><span style=\"font-weight: 400;\">ismered a social media platformokat kreat\u00edv szemsz\u00f6gb\u0151l (Meta, Tiktok, Google, stb)<\/span><\/li>\n<li style=\"font-weight: 400;\" aria-level=\"1\"><span style=\"font-weight: 400;\">dolgozt\u00e1l m\u00e1r rich m\u00e9dia \u00e9s\/vagy dinamikus hirdet\u00e9sekkel<\/span><\/li>\n<li style=\"font-weight: 400;\" aria-level=\"1\"><span style=\"font-weight: 400;\">\u00fcgyn\u00f6ks\u00e9gi tapasztalatod van<\/span><\/li>\n<li style=\"font-weight: 400;\" aria-level=\"1\"><span style=\"font-weight: 400;\">vide\u00f3szerkeszt\u0151 \u00e9s motion graphics szoftverek haszn\u00e1lat\u00e1ban van tapasztalatod<\/span><\/li>\n<\/ul>\n<h3>Ezek lenn\u00e9nek a f\u0151 feladataid:<\/h3>\n<ul>\n<li style=\"font-weight: 400;\" aria-level=\"1\"><span style=\"font-weight: 400;\">statikus \u00e9s anim\u00e1lt hirdet\u00e9sek grafikai tervez\u00e9se, kivitelez\u00e9se<\/span><\/li>\n<li style=\"font-weight: 400;\" aria-level=\"1\"><span style=\"font-weight: 400;\">rich media hirdet\u00e9sek k\u00e9sz\u00edt\u00e9se<\/span><\/li>\n<li style=\"font-weight: 400;\" aria-level=\"1\"><span style=\"font-weight: 400;\">dinamikus hirdet\u00e9sekhez mockupok k\u00e9sz\u00edt\u00e9se<\/span><\/li>\n<li style=\"font-weight: 400;\" aria-level=\"1\"><span style=\"font-weight: 400;\">szoros egy\u00fcttm\u0171k\u00f6d\u00e9s a Trading \u00e9s Account csapattal<\/span><\/li>\n<li style=\"font-weight: 400;\" aria-level=\"1\"><span style=\"font-weight: 400;\">a Sales\/Marketing csapat t\u00e1mogat\u00e1sa k\u00fcl\u00f6nb\u00f6z\u0151 arculati, grafikai anyagok el\u0151k\u00e9sz\u00edt\u00e9s\u00e9vel<\/span><\/li>\n<\/ul>\n<h3>Munkav\u00e9gz\u00e9s helysz\u00edne:<\/h3>\n<ul>\n<li>1024 Budapest, Keleti K\u00e1roly u. 13A, de b\u00e1rmikor dolgozhatsz otthonr\u00f3l is<\/li>\n<\/ul>\n<h3>Amit k\u00edn\u00e1lunk:<\/h3>\n<ul>\n<li style=\"font-weight: 400;\" aria-level=\"1\"><span style=\"font-weight: 400;\">versenyk\u00e9pes juttat\u00e1si csomag<\/span><\/li>\n<li style=\"font-weight: 400;\" aria-level=\"1\"><span style=\"font-weight: 400;\">laptop, telefon<\/span><\/li>\n<li style=\"font-weight: 400;\" aria-level=\"1\"><span style=\"font-weight: 400;\">tov\u00e1bbk\u00e9pz\u00e9sek, konferenci\u00e1k<\/span><\/li>\n<li style=\"font-weight: 400;\" aria-level=\"1\"><span style=\"font-weight: 400;\">j\u00f3fej csapat<\/span><\/li>\n<\/ul>\n","protected":false},"excerpt":{"rendered":"<p>T\u00e9ged keres\u00fcnk, ha van relev\u00e1ns tapasztalatod grafikus munkak\u00f6rben dolgozt\u00e1l m\u00e1r online hirdet\u0151k kamp\u00e1nyain j\u00e1rtas vagy a grafikai szoftverek kezel\u00e9s\u00e9ben pontosan, prec\u00edzen v\u00e9gzed a munk\u00e1dat\u00a0 proakt\u00edv vagy El\u0151ny, ha&#8230; van HTML, CSS, JS ter\u00e9n tapasztalatod\u00a0 ismered a social media platformokat kreat\u00edv szemsz\u00f6gb\u0151l (Meta, Tiktok, Google, stb) dolgozt\u00e1l m\u00e1r rich m\u00e9dia \u00e9s\/vagy dinamikus hirdet\u00e9sekkel \u00fcgyn\u00f6ks\u00e9gi tapasztalatod van [&hellip;]<\/p>\n","protected":false},"author":1,"featured_media":0,"parent":6,"menu_order":0,"comment_status":"closed","ping_status":"closed","template":"page-karrier.php","meta":{"_acf_changed":false,"footnotes":""},"class_list":["post-390","page","type-page","status-publish","hentry"],"acf":[],"_links":{"self":[{"href":"https:\/\/www.addig.hu\/hu\/wp-json\/wp\/v2\/pages\/390","targetHints":{"allow":["GET"]}}],"collection":[{"href":"https:\/\/www.addig.hu\/hu\/wp-json\/wp\/v2\/pages"}],"about":[{"href":"https:\/\/www.addig.hu\/hu\/wp-json\/wp\/v2\/types\/page"}],"author":[{"embeddable":true,"href":"https:\/\/www.addig.hu\/hu\/wp-json\/wp\/v2\/users\/1"}],"replies":[{"embeddable":true,"href":"https:\/\/www.addig.hu\/hu\/wp-json\/wp\/v2\/comments?post=390"}],"version-history":[{"count":5,"href":"https:\/\/www.addig.hu\/hu\/wp-json\/wp\/v2\/pages\/390\/revisions"}],"predecessor-version":[{"id":401,"href":"https:\/\/www.addig.hu\/hu\/wp-json\/wp\/v2\/pages\/390\/revisions\/401"}],"up":[{"embeddable":true,"href":"https:\/\/www.addig.hu\/hu\/wp-json\/wp\/v2\/pages\/6"}],"wp:attachment":[{"href":"https:\/\/www.addig.hu\/hu\/wp-json\/wp\/v2\/media?parent=390"}],"curies":[{"name":"wp","href":"https:\/\/api.w.org\/{rel}","templated":true}]}}