{"id":6,"date":"2022-01-25T09:49:36","date_gmt":"2022-01-25T09:49:36","guid":{"rendered":"https:\/\/www.addig.hu\/?page_id=6"},"modified":"2023-05-09T17:27:44","modified_gmt":"2023-05-09T17:27:44","slug":"karrier","status":"publish","type":"page","link":"https:\/\/www.addig.hu\/hu\/karrier\/","title":{"rendered":"Karrier"},"content":{"rendered":"<p><strong>M\u00e9dia \u00e9s rekl\u00e1m\u00fcgyn\u00f6ks\u00e9gek ad-tech partnere vagyunk. Kamp\u00e1nyokat menedzsel\u00fcnk t\u00f6bb DSP-ben, DCO kamp\u00e1nyokat kezel\u00fcnk, l\u00e1tv\u00e1nyos \u00e9s interakt\u00edv rich m\u00e9dia hirdet\u00e9seket gy\u00e1rtunk, brandeket \u00e9p\u00edt\u00fcnk, konverzi\u00f3kat sz\u00e1ll\u00edtunk. Egyre t\u00f6bb a megb\u00edz\u00f3nk, egyre t\u00f6bb projekttel.<\/strong><\/p>\n<p>Az al\u00e1bbi nyitott poz\u00edci\u00f3k \u00e9rhet\u0151ek el ad-tech \u00fcgyn\u00f6ks\u00e9g\u00fcnkn\u00e9l. Ha valamelyikben el tudod magad k\u00e9pzelni, kattints a r\u00e9szletek\u00e9rt \u00e9s jelentkezz!<\/p>\n","protected":false},"excerpt":{"rendered":"<p>M\u00e9dia \u00e9s rekl\u00e1m\u00fcgyn\u00f6ks\u00e9gek ad-tech partnere vagyunk. Kamp\u00e1nyokat menedzsel\u00fcnk t\u00f6bb DSP-ben, DCO kamp\u00e1nyokat kezel\u00fcnk, l\u00e1tv\u00e1nyos \u00e9s interakt\u00edv rich m\u00e9dia hirdet\u00e9seket gy\u00e1rtunk, brandeket \u00e9p\u00edt\u00fcnk, konverzi\u00f3kat sz\u00e1ll\u00edtunk. Egyre t\u00f6bb a megb\u00edz\u00f3nk, egyre t\u00f6bb projekttel. Az al\u00e1bbi nyitott poz\u00edci\u00f3k \u00e9rhet\u0151ek el ad-tech \u00fcgyn\u00f6ks\u00e9g\u00fcnkn\u00e9l. Ha valamelyikben el tudod magad k\u00e9pzelni, kattints a r\u00e9szletek\u00e9rt \u00e9s jelentkezz!<\/p>\n","protected":false},"author":1,"featured_media":0,"parent":0,"menu_order":0,"comment_status":"closed","ping_status":"closed","template":"page-karrier-list.php","meta":{"_acf_changed":false,"footnotes":""},"class_list":["post-6","page","type-page","status-publish","hentry"],"acf":[],"_links":{"self":[{"href":"https:\/\/www.addig.hu\/hu\/wp-json\/wp\/v2\/pages\/6","targetHints":{"allow":["GET"]}}],"collection":[{"href":"https:\/\/www.addig.hu\/hu\/wp-json\/wp\/v2\/pages"}],"about":[{"href":"https:\/\/www.addig.hu\/hu\/wp-json\/wp\/v2\/types\/page"}],"author":[{"embeddable":true,"href":"https:\/\/www.addig.hu\/hu\/wp-json\/wp\/v2\/users\/1"}],"replies":[{"embeddable":true,"href":"https:\/\/www.addig.hu\/hu\/wp-json\/wp\/v2\/comments?post=6"}],"version-history":[{"count":7,"href":"https:\/\/www.addig.hu\/hu\/wp-json\/wp\/v2\/pages\/6\/revisions"}],"predecessor-version":[{"id":400,"href":"https:\/\/www.addig.hu\/hu\/wp-json\/wp\/v2\/pages\/6\/revisions\/400"}],"wp:attachment":[{"href":"https:\/\/www.addig.hu\/hu\/wp-json\/wp\/v2\/media?parent=6"}],"curies":[{"name":"wp","href":"https:\/\/api.w.org\/{rel}","templated":true}]}}