{"id":8,"date":"2022-01-25T09:49:50","date_gmt":"2022-01-25T09:49:50","guid":{"rendered":"https:\/\/www.addig.hu\/?page_id=8"},"modified":"2023-05-12T10:05:08","modified_gmt":"2023-05-12T10:05:08","slug":"programmatic-specialista","status":"publish","type":"page","link":"https:\/\/www.addig.hu\/hu\/karrier\/programmatic-specialista\/","title":{"rendered":"Programmatic Specialista"},"content":{"rendered":"<h3>T\u00e9ged keres\u00fcnk, ha<\/h3>\n<ul>\n<li>pontosan, prec\u00edzen v\u00e9gzed munk\u00e1d,<\/li>\n<li>er\u0151s analitikai \u00e9s elemz\u0151k\u00e9pess\u00e9geid vannak,<\/li>\n<li>proaktivit\u00e1s jellemez,<\/li>\n<li>van relev\u00e1ns tapasztalatod\u00a0<span class=\"il\">programmatic<\/span>\u00a0ter\u00fcleten,<\/li>\n<li>setupolt\u00e1l, optimaliz\u00e1lt\u00e1l \u00e9s \u00e9rt\u00e9kelt\u00e9l m\u00e1r ki kamp\u00e1nyokat,<\/li>\n<li>valamint tudsz angolul.<\/li>\n<\/ul>\n<h3>El\u0151ny, ha&#8230;<\/h3>\n<ul>\n<li>t\u00f6bb DSP-vel is volt m\u00e1r dolgod,<\/li>\n<li>van PPC-s tapasztalatod,<\/li>\n<li>van \u00fcgyn\u00f6ks\u00e9gi tapasztalatod,<\/li>\n<li>tudod mi az a DCO, DMP, vagy site tracking,<\/li>\n<li>\u00e9s haszn\u00e1lt\u00e1l m\u00e1r dinamikus retargetinget.<\/li>\n<\/ul>\n<h3>Ezek lenn\u00e9nek a f\u0151 feladataid:<\/h3>\n<ul>\n<li>te menedzseln\u00e9d t\u00f6bb \u00fcgyfel\u00fcnk\u00a0<span class=\"il\">programmatic<\/span>\u00a0kamp\u00e1nyait, az aj\u00e1nlatad\u00e1st\u00f3l \u00e9s kreat\u00edv koncepci\u00f3 megalkot\u00e1s\u00e1t\u00f3l kezdve a kamp\u00e1ny teljesk\u00f6r\u0171 kivitelez\u00e9s\u00e9ig,<\/li>\n<li>kapcsolatban lenn\u00e9l k\u00f6zvetlen\u00fcl az \u00fcgyf\u00e9llel,<\/li>\n<li>szorosan egy\u00fcttm\u0171k\u00f6dn\u00e9l a Creative, valamint az Account csapattal,<\/li>\n<li>tervezn\u00e9l, aj\u00e1nlatot adn\u00e1l, kamp\u00e1nyt setupoln\u00e1l,<\/li>\n<li>optimaliz\u00e1ln\u00e1l, valamint riportokat \u00e9s postbuy-anal\u00edzisiket k\u00e9sz\u00edten\u00e9l.<\/li>\n<\/ul>\n<h3>Munkav\u00e9gz\u00e9s helysz\u00edne:<\/h3>\n<ul>\n<li>1024 Budapest, Keleti K\u00e1roly u. 13A, de b\u00e1rmikor dolgozhatsz otthonr\u00f3l is<\/li>\n<\/ul>\n<h3>Amit k\u00edn\u00e1lunk:<\/h3>\n<ul>\n<li>versenyk\u00e9pes juttat\u00e1si csomag<\/li>\n<li>laptop, telefon<\/li>\n<li>tov\u00e1bbk\u00e9pz\u00e9sek, konferenci\u00e1k<\/li>\n<li>j\u00f3fej csapat<\/li>\n<\/ul>\n","protected":false},"excerpt":{"rendered":"<p>T\u00e9ged keres\u00fcnk, ha pontosan, prec\u00edzen v\u00e9gzed munk\u00e1d, er\u0151s analitikai \u00e9s elemz\u0151k\u00e9pess\u00e9geid vannak, proaktivit\u00e1s jellemez, van relev\u00e1ns tapasztalatod\u00a0programmatic\u00a0ter\u00fcleten, setupolt\u00e1l, optimaliz\u00e1lt\u00e1l \u00e9s \u00e9rt\u00e9kelt\u00e9l m\u00e1r ki kamp\u00e1nyokat, valamint tudsz angolul. El\u0151ny, ha&#8230; t\u00f6bb DSP-vel is volt m\u00e1r dolgod, van PPC-s tapasztalatod, van \u00fcgyn\u00f6ks\u00e9gi tapasztalatod, tudod mi az a DCO, DMP, vagy site tracking, \u00e9s haszn\u00e1lt\u00e1l m\u00e1r dinamikus retargetinget. [&hellip;]<\/p>\n","protected":false},"author":1,"featured_media":0,"parent":6,"menu_order":0,"comment_status":"closed","ping_status":"closed","template":"page-karrier.php","meta":{"_acf_changed":false,"footnotes":""},"class_list":["post-8","page","type-page","status-publish","hentry"],"acf":[],"_links":{"self":[{"href":"https:\/\/www.addig.hu\/hu\/wp-json\/wp\/v2\/pages\/8","targetHints":{"allow":["GET"]}}],"collection":[{"href":"https:\/\/www.addig.hu\/hu\/wp-json\/wp\/v2\/pages"}],"about":[{"href":"https:\/\/www.addig.hu\/hu\/wp-json\/wp\/v2\/types\/page"}],"author":[{"embeddable":true,"href":"https:\/\/www.addig.hu\/hu\/wp-json\/wp\/v2\/users\/1"}],"replies":[{"embeddable":true,"href":"https:\/\/www.addig.hu\/hu\/wp-json\/wp\/v2\/comments?post=8"}],"version-history":[{"count":16,"href":"https:\/\/www.addig.hu\/hu\/wp-json\/wp\/v2\/pages\/8\/revisions"}],"predecessor-version":[{"id":404,"href":"https:\/\/www.addig.hu\/hu\/wp-json\/wp\/v2\/pages\/8\/revisions\/404"}],"up":[{"embeddable":true,"href":"https:\/\/www.addig.hu\/hu\/wp-json\/wp\/v2\/pages\/6"}],"wp:attachment":[{"href":"https:\/\/www.addig.hu\/hu\/wp-json\/wp\/v2\/media?parent=8"}],"curies":[{"name":"wp","href":"https:\/\/api.w.org\/{rel}","templated":true}]}}